{"id":718,"date":"2025-04-30T23:07:52","date_gmt":"2025-04-30T23:07:52","guid":{"rendered":"https:\/\/reishio.com\/?post_type=product&#038;p=718"},"modified":"2025-06-11T20:59:08","modified_gmt":"2025-06-11T20:59:08","slug":"jabon-corporal","status":"publish","type":"product","link":"https:\/\/reishio.com\/en\/product\/jabon-corporal\/","title":{"rendered":"Body Soap"},"content":{"rendered":"","protected":false},"excerpt":{"rendered":"<h3 class=\"\" data-start=\"6337\" data-end=\"6385\">Limpieza profunda con el poder del Ganoderma<\/h3>\n<p><span class=\"OYPEnA font-feature-liga-off font-feature-clig-off font-feature-calt-off text-decoration-none text-strikethrough-none\">Este jab\u00f3n corporal con una exclsiva mezcla del reishi venerado en la medicina tradicional china por su propiedades rejuvenecedoras y leche de cabra pura, para ofrecer limpieza profunda.<\/span><\/p>\n<p class=\"\" data-start=\"6387\" data-end=\"6419\"><strong data-start=\"6387\" data-end=\"6417\">Beneficios Extraordinarios<\/strong><\/p>\n<ul>\n<li data-start=\"6422\" data-end=\"6449\">Limpieza suave y profunda<\/li>\n<li data-start=\"6452\" data-end=\"6496\">Ideal para cualquier tipo de piel, con acn\u00e9 o sensible<\/li>\n<li data-start=\"6499\" data-end=\"6527\">Aporta suavidad y frescura<\/li>\n<li data-start=\"6530\" data-end=\"6564\">Apoyo para tratamientos d\u00e9rmicos<\/li>\n<\/ul>\n<p class=\"\" data-start=\"6566\" data-end=\"6709\"><strong data-start=\"6566\" data-end=\"6588\">Momentos Perfectos<\/strong><br data-start=\"6588\" data-end=\"6591\" \/>\u2713 Rutina facial y corporal<br data-start=\"6617\" data-end=\"6620\" \/>\u2713 Piel expuesta al sol o contaminaci\u00f3n<br data-start=\"6658\" data-end=\"6661\" \/>\u2713 Higiene diaria<br data-start=\"6677\" data-end=\"6680\" \/>\u2713 Cuidado de manos y rostro<\/p>\n<p class=\"\" data-start=\"6711\" data-end=\"6745\"><strong data-start=\"6711\" data-end=\"6743\">La Magia de los Ingredientes<\/strong><\/p>\n<ul data-start=\"6746\" data-end=\"6816\">\n<li class=\"\" data-start=\"6746\" data-end=\"6767\">\n<p class=\"\" data-start=\"6748\" data-end=\"6767\">Reishi<\/p>\n<\/li>\n<li class=\"\" data-start=\"6768\" data-end=\"6789\">\n<p class=\"\" data-start=\"6770\" data-end=\"6789\">Leche de Cabra<\/p>\n<\/li>\n<li class=\"\" data-start=\"6790\" data-end=\"6816\">\n<p class=\"\" data-start=\"6792\" data-end=\"6816\">Ingredientes naturales<\/p>\n<\/li>\n<\/ul>\n<p class=\"\" data-start=\"6818\" data-end=\"6909\"><strong data-start=\"6818\" data-end=\"6843\">Detalles del Producto<\/strong><br data-start=\"6843\" data-end=\"6846\" \/>Presentaci\u00f3n: 2 Barras de jab\u00f3n s\u00f3lidas<br data-start=\"6881\" data-end=\"6884\" \/>Contenido: 100 g aprox.<\/p>\n<p class=\"\" data-start=\"6911\" data-end=\"6945\"><strong data-start=\"6911\" data-end=\"6945\">Tu Piel, Tu Equilibrio Natural<\/strong><\/p>\n<p data-start=\"6911\" data-end=\"6945\">Recuerda: Este producto no ha sido evaluado por la FDA y no pretende diagnosticar, tratar, curar o prevenir ninguna enfermedad.<\/p>","protected":false},"featured_media":683,"template":"","meta":[],"product_brand":[],"product_cat":[26],"product_tag":[],"class_list":{"0":"post-718","1":"product","2":"type-product","3":"status-publish","4":"has-post-thumbnail","6":"product_cat-cuidado-personal","8":"first","9":"instock","10":"shipping-taxable","11":"purchasable","12":"product-type-simple"},"_links":{"self":[{"href":"https:\/\/reishio.com\/en\/wp-json\/wp\/v2\/product\/718","targetHints":{"allow":["GET"]}}],"collection":[{"href":"https:\/\/reishio.com\/en\/wp-json\/wp\/v2\/product"}],"about":[{"href":"https:\/\/reishio.com\/en\/wp-json\/wp\/v2\/types\/product"}],"wp:featuredmedia":[{"embeddable":true,"href":"https:\/\/reishio.com\/en\/wp-json\/wp\/v2\/media\/683"}],"wp:attachment":[{"href":"https:\/\/reishio.com\/en\/wp-json\/wp\/v2\/media?parent=718"}],"wp:term":[{"taxonomy":"product_brand","embeddable":true,"href":"https:\/\/reishio.com\/en\/wp-json\/wp\/v2\/product_brand?post=718"},{"taxonomy":"product_cat","embeddable":true,"href":"https:\/\/reishio.com\/en\/wp-json\/wp\/v2\/product_cat?post=718"},{"taxonomy":"product_tag","embeddable":true,"href":"https:\/\/reishio.com\/en\/wp-json\/wp\/v2\/product_tag?post=718"}],"curies":[{"name":"wp","href":"https:\/\/api.w.org\/{rel}","templated":true}]}}