{"id":706,"date":"2025-04-30T22:50:35","date_gmt":"2025-04-30T22:50:35","guid":{"rendered":"https:\/\/reishio.com\/?post_type=product&#038;p=706"},"modified":"2025-06-11T20:46:09","modified_gmt":"2025-06-11T20:46:09","slug":"chocolate","status":"publish","type":"product","link":"https:\/\/reishio.com\/en\/product\/chocolate\/","title":{"rendered":"Chocolate"},"content":{"rendered":"","protected":false},"excerpt":{"rendered":"<p data-start=\"225\" data-end=\"550\"><strong data-start=\"225\" data-end=\"291\">Bebida Instant\u00e1nea de Chocolate Suizo con Reishi \u2013 (20 sobres)<\/strong><br data-start=\"291\" data-end=\"294\" \/>Una mezcla reconfortante de sabor y bienestar. Esta deliciosa bebida instant\u00e1nea combina el aut\u00e9ntico sabor del cacao europeo con el poder funcional del extracto de <em data-start=\"459\" data-end=\"487\">Ganoderma lucidum (Reishi)<\/em>. Disfr\u00fatala caliente o fr\u00eda, perfecta para grandes y peque\u00f1os.<\/p>\n<h3 data-start=\"557\" data-end=\"588\"><strong data-start=\"561\" data-end=\"586\">Beneficios destacados<\/strong><\/h3>\n<ul data-start=\"589\" data-end=\"788\">\n<li data-start=\"589\" data-end=\"648\">\n<p data-start=\"591\" data-end=\"648\">Sabor intenso y cremoso con verdadero valor nutricional<\/p>\n<\/li>\n<li data-start=\"649\" data-end=\"704\">\n<p data-start=\"651\" data-end=\"704\">Rica en antioxidantes naturales que apoyan la salud<\/p>\n<\/li>\n<li data-start=\"705\" data-end=\"741\">\n<p data-start=\"707\" data-end=\"741\">Refuerza el sistema inmunol\u00f3gico<\/p>\n<\/li>\n<li data-start=\"742\" data-end=\"788\">\n<p data-start=\"744\" data-end=\"788\">Apta para ni\u00f1os, adultos y toda la familia<\/p>\n<\/li>\n<\/ul>\n<h3 data-start=\"795\" data-end=\"840\"><strong data-start=\"799\" data-end=\"838\">Momentos perfectos para disfrutarla<\/strong><\/h3>\n<p data-start=\"841\" data-end=\"1009\">\u2713 Como postre saludable<br data-start=\"864\" data-end=\"867\" \/>\u2713 En una tarde fr\u00eda para reconfortar el cuerpo<br data-start=\"913\" data-end=\"916\" \/>\u2713 Como merienda funcional y deliciosa<br data-start=\"953\" data-end=\"956\" \/>\u2713 Ideal para regalar bienestar en cualquier ocasi\u00f3n<\/p>\n<hr data-start=\"1011\" data-end=\"1014\" \/>\n<h3 data-start=\"1016\" data-end=\"1050\"><strong data-start=\"1020\" data-end=\"1048\">Ingredientes principales<\/strong><\/h3>\n<ul data-start=\"1051\" data-end=\"1149\">\n<li data-start=\"1051\" data-end=\"1084\">\n<p data-start=\"1053\" data-end=\"1084\">Cacao europeo de alta calidad<\/p>\n<\/li>\n<li data-start=\"1085\" data-end=\"1104\">\n<p data-start=\"1087\" data-end=\"1104\">Crema no l\u00e1ctea<\/p>\n<\/li>\n<li data-start=\"1105\" data-end=\"1149\">\n<p data-start=\"1107\" data-end=\"1149\">Extracto de Reishi (<em data-start=\"1127\" data-end=\"1146\">Ganoderma lucidum<\/em>)<\/p>\n<\/li>\n<\/ul>\n<h3 data-start=\"1156\" data-end=\"1187\"><strong data-start=\"1160\" data-end=\"1185\">Detalles del producto<\/strong><\/h3>\n<ul data-start=\"1188\" data-end=\"1337\">\n<li data-start=\"1188\" data-end=\"1236\">\n<p data-start=\"1190\" data-end=\"1236\"><strong data-start=\"1190\" data-end=\"1199\">Tipo:<\/strong> Bebida instant\u00e1nea sabor chocolate<\/p>\n<\/li>\n<li data-start=\"1237\" data-end=\"1287\">\n<p data-start=\"1239\" data-end=\"1287\"><strong data-start=\"1239\" data-end=\"1253\">Contenido:<\/strong> 20 sobres individuales por caja<\/p>\n<\/li>\n<li data-start=\"1288\" data-end=\"1337\">\n<p data-start=\"1290\" data-end=\"1337\"><strong data-start=\"1290\" data-end=\"1335\">F\u00e1cil de preparar y disfrutar al instante<\/strong><\/p>\n<\/li>\n<\/ul>\n<h3 data-start=\"1344\" data-end=\"1378\"><strong data-start=\"1348\" data-end=\"1378\">Tu Chocolate, Tu Bienestar<\/strong><\/h3>\n<p data-start=\"1380\" data-end=\"1516\"><strong data-start=\"1380\" data-end=\"1396\">Advertencia:<\/strong> Este producto no ha sido evaluado por la FDA. No est\u00e1 destinado a diagnosticar, tratar, curar ni prevenir enfermedades.<\/p>","protected":false},"featured_media":698,"template":"","meta":[],"product_brand":[],"product_cat":[23],"product_tag":[],"class_list":{"0":"post-706","1":"product","2":"type-product","3":"status-publish","4":"has-post-thumbnail","6":"product_cat-bebidas-saludables","8":"first","9":"instock","10":"shipping-taxable","11":"purchasable","12":"product-type-simple"},"_links":{"self":[{"href":"https:\/\/reishio.com\/en\/wp-json\/wp\/v2\/product\/706","targetHints":{"allow":["GET"]}}],"collection":[{"href":"https:\/\/reishio.com\/en\/wp-json\/wp\/v2\/product"}],"about":[{"href":"https:\/\/reishio.com\/en\/wp-json\/wp\/v2\/types\/product"}],"wp:featuredmedia":[{"embeddable":true,"href":"https:\/\/reishio.com\/en\/wp-json\/wp\/v2\/media\/698"}],"wp:attachment":[{"href":"https:\/\/reishio.com\/en\/wp-json\/wp\/v2\/media?parent=706"}],"wp:term":[{"taxonomy":"product_brand","embeddable":true,"href":"https:\/\/reishio.com\/en\/wp-json\/wp\/v2\/product_brand?post=706"},{"taxonomy":"product_cat","embeddable":true,"href":"https:\/\/reishio.com\/en\/wp-json\/wp\/v2\/product_cat?post=706"},{"taxonomy":"product_tag","embeddable":true,"href":"https:\/\/reishio.com\/en\/wp-json\/wp\/v2\/product_tag?post=706"}],"curies":[{"name":"wp","href":"https:\/\/api.w.org\/{rel}","templated":true}]}}