{"id":704,"date":"2025-04-30T22:48:54","date_gmt":"2025-04-30T22:48:54","guid":{"rendered":"https:\/\/reishio.com\/?post_type=product&#038;p=704"},"modified":"2025-06-11T20:41:23","modified_gmt":"2025-06-11T20:41:23","slug":"cafe-clasico","status":"publish","type":"product","link":"https:\/\/reishio.com\/en\/product\/cafe-clasico\/","title":{"rendered":"Classic Coffee"},"content":{"rendered":"","protected":false},"excerpt":{"rendered":"<p data-start=\"188\" data-end=\"568\"><strong data-start=\"188\" data-end=\"237\">Caf\u00e9 Puro con Reishi \u2013 Sin Az\u00facar (30 sobres)<\/strong><br data-start=\"237\" data-end=\"240\" \/>Disfruta de un caf\u00e9 instant\u00e1neo de sabor intenso, elaborado con granos robusta de alta calidad y enriquecido con extracto de <em data-start=\"365\" data-end=\"393\">Ganoderma lucidum (Reishi)<\/em>. Especialmente formulado para quienes prefieren un estilo de vida sin az\u00facar, este caf\u00e9 conserva el sabor tradicional del caf\u00e9 negro con un toque funcional para tu bienestar.<\/p>\n<p data-start=\"188\" data-end=\"568\"><strong data-start=\"579\" data-end=\"599\">Beneficios clave<\/strong><\/p>\n<ul data-start=\"602\" data-end=\"843\">\n<li data-start=\"602\" data-end=\"657\">\n<p data-start=\"604\" data-end=\"657\">Aumenta la energ\u00eda f\u00edsica y mental de forma natural<\/p>\n<\/li>\n<li data-start=\"658\" data-end=\"734\">\n<p data-start=\"660\" data-end=\"734\">Sin az\u00facar: ideal para personas con restricciones cal\u00f3ricas o diab\u00e9ticas<\/p>\n<\/li>\n<li data-start=\"735\" data-end=\"792\">\n<p data-start=\"737\" data-end=\"792\">Rico en antioxidantes que promueven la salud integral<\/p>\n<\/li>\n<li data-start=\"793\" data-end=\"843\">\n<p data-start=\"795\" data-end=\"843\">Estilo tradicional con propiedades funcionales<\/p>\n<\/li>\n<\/ul>\n<h3 data-start=\"850\" data-end=\"887\"><strong data-start=\"854\" data-end=\"885\">Perfecto para disfrutar en:<\/strong><\/h3>\n<p data-start=\"888\" data-end=\"1053\">\u2713 Las ma\u00f1anas para comenzar el d\u00eda con energ\u00eda<br data-start=\"934\" data-end=\"937\" \/>\u2713 Despu\u00e9s de las comidas como digestivo<br data-start=\"976\" data-end=\"979\" \/>\u2713 Reuniones y momentos de concentraci\u00f3n<br data-start=\"1018\" data-end=\"1021\" \/>\u2713 Dietas con control de az\u00facar<\/p>\n<h3 data-start=\"1060\" data-end=\"1094\"><strong data-start=\"1064\" data-end=\"1092\">Ingredientes principales<\/strong><\/h3>\n<ul data-start=\"1095\" data-end=\"1172\">\n<li data-start=\"1095\" data-end=\"1127\">\n<p data-start=\"1097\" data-end=\"1127\">Caf\u00e9 robusta de alta calidad<\/p>\n<\/li>\n<li data-start=\"1128\" data-end=\"1172\">\n<p data-start=\"1130\" data-end=\"1172\">Extracto de Reishi (<em data-start=\"1150\" data-end=\"1169\">Ganoderma lucidum<\/em>)<\/p>\n<\/li>\n<\/ul>\n<h3 data-start=\"1179\" data-end=\"1210\"><strong data-start=\"1183\" data-end=\"1208\">Detalles del producto<\/strong><\/h3>\n<ul data-start=\"1211\" data-end=\"1380\">\n<li data-start=\"1211\" data-end=\"1247\">\n<p data-start=\"1213\" data-end=\"1247\"><strong data-start=\"1213\" data-end=\"1222\">Tipo:<\/strong> Caf\u00e9 negro instant\u00e1neo<\/p>\n<\/li>\n<li data-start=\"1248\" data-end=\"1298\">\n<p data-start=\"1250\" data-end=\"1298\"><strong data-start=\"1250\" data-end=\"1264\">Contenido:<\/strong> 30 sobres individuales por caja<\/p>\n<\/li>\n<li data-start=\"1299\" data-end=\"1330\">\n<p data-start=\"1301\" data-end=\"1330\"><strong data-start=\"1301\" data-end=\"1328\">Libre de az\u00facar a\u00f1adido<\/strong><\/p>\n<\/li>\n<li data-start=\"1331\" data-end=\"1380\"><strong data-start=\"1333\" data-end=\"1380\">Presentaci\u00f3n pr\u00e1ctica y lista para preparar<\/strong><\/li>\n<\/ul>","protected":false},"featured_media":687,"template":"","meta":[],"product_brand":[],"product_cat":[23],"product_tag":[],"class_list":{"0":"post-704","1":"product","2":"type-product","3":"status-publish","4":"has-post-thumbnail","6":"product_cat-bebidas-saludables","8":"first","9":"instock","10":"shipping-taxable","11":"purchasable","12":"product-type-simple"},"_links":{"self":[{"href":"https:\/\/reishio.com\/en\/wp-json\/wp\/v2\/product\/704","targetHints":{"allow":["GET"]}}],"collection":[{"href":"https:\/\/reishio.com\/en\/wp-json\/wp\/v2\/product"}],"about":[{"href":"https:\/\/reishio.com\/en\/wp-json\/wp\/v2\/types\/product"}],"wp:featuredmedia":[{"embeddable":true,"href":"https:\/\/reishio.com\/en\/wp-json\/wp\/v2\/media\/687"}],"wp:attachment":[{"href":"https:\/\/reishio.com\/en\/wp-json\/wp\/v2\/media?parent=704"}],"wp:term":[{"taxonomy":"product_brand","embeddable":true,"href":"https:\/\/reishio.com\/en\/wp-json\/wp\/v2\/product_brand?post=704"},{"taxonomy":"product_cat","embeddable":true,"href":"https:\/\/reishio.com\/en\/wp-json\/wp\/v2\/product_cat?post=704"},{"taxonomy":"product_tag","embeddable":true,"href":"https:\/\/reishio.com\/en\/wp-json\/wp\/v2\/product_tag?post=704"}],"curies":[{"name":"wp","href":"https:\/\/api.w.org\/{rel}","templated":true}]}}